{"id":9,"date":"2024-10-01T16:56:22","date_gmt":"2024-10-01T14:56:22","guid":{"rendered":"https:\/\/mediumseagreen-lion-674399.hostingersite.com\/restaurantejibaros\/?page_id=9"},"modified":"2026-03-30T17:10:28","modified_gmt":"2026-03-30T15:10:28","slug":"contacto","status":"publish","type":"page","link":"https:\/\/restaurantejibaros.com\/en\/contacto\/","title":{"rendered":"Contact Us"},"content":{"rendered":"<div data-elementor-type=\"wp-page\" data-elementor-id=\"9\" class=\"elementor elementor-9\" data-elementor-settings=\"{&quot;ha_cmc_init_switcher&quot;:&quot;no&quot;}\">\n\t\t\t\t<div class=\"elementor-element elementor-element-71ddb57 e-flex e-con-boxed e-con e-parent\" data-id=\"71ddb57\" data-element_type=\"container\" data-settings=\"{&quot;background_background&quot;:&quot;classic&quot;,&quot;jet_parallax_layout_list&quot;:[],&quot;_ha_eqh_enable&quot;:false}\">\n\t\t\t\t\t<div class=\"e-con-inner\">\n\t\t<div class=\"elementor-element elementor-element-555d617 e-con-full e-flex e-con e-child\" data-id=\"555d617\" data-element_type=\"container\" data-settings=\"{&quot;jet_parallax_layout_list&quot;:[],&quot;_ha_eqh_enable&quot;:false}\">\n\t\t\t\t<\/div>\n\t\t<div class=\"elementor-element elementor-element-2ce9ae1 e-con-full e-flex e-con e-child\" data-id=\"2ce9ae1\" data-element_type=\"container\" data-settings=\"{&quot;jet_parallax_layout_list&quot;:[],&quot;_ha_eqh_enable&quot;:false}\">\n\t\t\t\t<div class=\"elementor-element elementor-element-6136dc3 elementor-widget elementor-widget-image\" data-id=\"6136dc3\" data-element_type=\"widget\" data-widget_type=\"image.default\">\n\t\t\t\t<div class=\"elementor-widget-container\">\n\t\t\t\t\t\t\t\t\t\t\t\t\t\t\t<img decoding=\"async\" src=\"https:\/\/restaurantejibaros.com\/wp-content\/uploads\/2024\/10\/kioskos-img.webp\" title=\"Kiosk #22 at Luquillo\" alt=\"Kioskos\" loading=\"lazy\" \/>\t\t\t\t\t\t\t\t\t\t\t\t\t\t\t<\/div>\n\t\t\t\t<\/div>\n\t\t\t\t<div class=\"elementor-element elementor-element-c17a7d1 elementor-widget elementor-widget-heading\" data-id=\"c17a7d1\" data-element_type=\"widget\" data-widget_type=\"heading.default\">\n\t\t\t\t<div class=\"elementor-widget-container\">\n\t\t\t\t\t<h3 class=\"elementor-heading-title elementor-size-default\">BEST KIOSKO AT LUQUILLO<\/h3>\t\t\t\t<\/div>\n\t\t\t\t<\/div>\n\t\t\t\t<\/div>\n\t\t\t\t\t<\/div>\n\t\t\t\t<\/div>\n\t\t<div class=\"elementor-element elementor-element-a6cfe9d e-flex e-con-boxed e-con e-parent\" data-id=\"a6cfe9d\" data-element_type=\"container\" data-settings=\"{&quot;background_background&quot;:&quot;classic&quot;,&quot;jet_parallax_layout_list&quot;:[],&quot;_ha_eqh_enable&quot;:false}\">\n\t\t\t\t\t<div class=\"e-con-inner\">\n\t\t<div class=\"elementor-element elementor-element-61022d6 e-con-full e-flex e-con e-child\" data-id=\"61022d6\" data-element_type=\"container\" data-settings=\"{&quot;jet_parallax_layout_list&quot;:[],&quot;_ha_eqh_enable&quot;:false}\">\n\t\t\t\t<div class=\"elementor-element elementor-element-258187c elementor-widget elementor-widget-heading\" data-id=\"258187c\" data-element_type=\"widget\" data-widget_type=\"heading.default\">\n\t\t\t\t<div class=\"elementor-widget-container\">\n\t\t\t\t\t<h3 class=\"elementor-heading-title elementor-size-default\">ENJOY FOOD THE JIBARO WAY<\/h3>\t\t\t\t<\/div>\n\t\t\t\t<\/div>\n\t\t\t\t<\/div>\n\t\t<div class=\"elementor-element elementor-element-19501ab e-con-full e-flex e-con e-child\" data-id=\"19501ab\" data-element_type=\"container\" data-settings=\"{&quot;jet_parallax_layout_list&quot;:[],&quot;_ha_eqh_enable&quot;:false}\">\n\t\t\t\t<div class=\"elementor-element elementor-element-475476f elementor-widget elementor-widget-heading\" data-id=\"475476f\" data-element_type=\"widget\" data-widget_type=\"heading.default\">\n\t\t\t\t<div class=\"elementor-widget-container\">\n\t\t\t\t\t<h5 class=\"elementor-heading-title elementor-size-default\">Kioskos de Luquillo, Local #22<\/h5>\t\t\t\t<\/div>\n\t\t\t\t<\/div>\n\t\t\t\t<div class=\"elementor-element elementor-element-7b93bcf elementor-icon-list--layout-traditional elementor-list-item-link-full_width elementor-widget elementor-widget-icon-list\" data-id=\"7b93bcf\" data-element_type=\"widget\" data-widget_type=\"icon-list.default\">\n\t\t\t\t<div class=\"elementor-widget-container\">\n\t\t\t\t\t\t\t<ul class=\"elementor-icon-list-items\">\n\t\t\t\t\t\t\t<li class=\"elementor-icon-list-item\">\n\t\t\t\t\t\t\t\t\t\t<span class=\"elementor-icon-list-text\">Monday, Tuesday, Thursday &amp; Sunday - 11am - 7pm<\/span>\n\t\t\t\t\t\t\t\t\t<\/li>\n\t\t\t\t\t\t\t\t<li class=\"elementor-icon-list-item\">\n\t\t\t\t\t\t\t\t\t\t<span class=\"elementor-icon-list-text\">Friday &amp; Saturday - 11am - 10pm<\/span>\n\t\t\t\t\t\t\t\t\t<\/li>\n\t\t\t\t\t\t\t\t<li class=\"elementor-icon-list-item\">\n\t\t\t\t\t\t\t\t\t\t<span class=\"elementor-icon-list-text\">Tuesday - Closed<\/span>\n\t\t\t\t\t\t\t\t\t<\/li>\n\t\t\t\t\t\t<\/ul>\n\t\t\t\t\t\t<\/div>\n\t\t\t\t<\/div>\n\t\t\t\t<\/div>\n\t\t\t\t\t<\/div>\n\t\t\t\t<\/div>\n\t\t<div class=\"elementor-element elementor-element-b26e8e2 e-flex e-con-boxed e-con e-parent\" data-id=\"b26e8e2\" data-element_type=\"container\" data-settings=\"{&quot;jet_parallax_layout_list&quot;:[],&quot;background_background&quot;:&quot;classic&quot;,&quot;_ha_eqh_enable&quot;:false}\">\n\t\t\t\t\t<div class=\"e-con-inner\">\n\t\t\t\t<div class=\"elementor-element elementor-element-d384693 elementor-widget elementor-widget-heading\" data-id=\"d384693\" data-element_type=\"widget\" data-widget_type=\"heading.default\">\n\t\t\t\t<div class=\"elementor-widget-container\">\n\t\t\t\t\t<h2 class=\"elementor-heading-title elementor-size-default\">Contact Us<\/h2>\t\t\t\t<\/div>\n\t\t\t\t<\/div>\n\t\t\t\t<div class=\"elementor-element elementor-element-4f487a5 ha-form-btn--right elementor-widget elementor-widget-ha-wpform happy-addon ha-wpform\" data-id=\"4f487a5\" data-element_type=\"widget\" data-widget_type=\"ha-wpform.default\">\n\t\t\t\t<div class=\"elementor-widget-container\">\n\t\t\t\t\t<style id=\"wpforms-css-vars-863\">\n\t\t\t\t#wpforms-863 {\n\t\t\t\t\n\t\t\t}\n\t\t\t<\/style><div class=\"wpforms-container wpforms-container-full wpforms-render-modern\" id=\"wpforms-863\"><form id=\"wpforms-form-863\" class=\"wpforms-validate wpforms-form wpforms-ajax-form\" data-formid=\"863\" method=\"post\" enctype=\"multipart\/form-data\" action=\"\/en\/wp-json\/wp\/v2\/pages\/9\" data-token=\"22e45785c1b611213655c881c9c9c410\" data-token-time=\"1775613682\" data-trp-original-action=\"\/en\/wp-json\/wp\/v2\/pages\/9\"><noscript class=\"wpforms-error-noscript\">Please enable JavaScript in your browser to complete this form.<\/noscript><div id=\"wpforms-error-noscript\" style=\"display: none;\">Please enable JavaScript in your browser to complete this form.<\/div><div class=\"wpforms-field-container\"><div id=\"wpforms-863-field_1-container\" class=\"wpforms-field wpforms-field-layout\" data-field-id=\"1\"><div class=\"wpforms-field-layout-rows wpforms-field-large\"><div class=\"wpforms-layout-row\"><div class=\"wpforms-layout-column wpforms-layout-column-50\"><div id=\"wpforms-863-field_2-container\" class=\"wpforms-field wpforms-field-name\" data-field-id=\"2\"><label class=\"wpforms-field-label wpforms-label-hide\" for=\"wpforms-863-field_2\" aria-hidden=\"false\">NAME <span class=\"wpforms-required-label\" aria-hidden=\"true\">*<\/span><\/label><input type=\"text\" id=\"wpforms-863-field_2\" class=\"wpforms-field-medium wpforms-field-required\" name=\"wpforms[fields][2]\" placeholder=\"NAME\" aria-errormessage=\"wpforms-863-field_2-error\" required><\/div><\/div><div class=\"wpforms-layout-column wpforms-layout-column-50\"><div id=\"wpforms-863-field_3-container\" class=\"wpforms-field wpforms-field-text\" data-field-id=\"3\"><label class=\"wpforms-field-label wpforms-label-hide\" for=\"wpforms-863-field_3\" aria-hidden=\"false\">LAST NAME<\/label><input type=\"text\" id=\"wpforms-863-field_3\" class=\"wpforms-field-medium\" name=\"wpforms[fields][3]\" placeholder=\"LAST NAME\" aria-errormessage=\"wpforms-863-field_3-error\" ><\/div><\/div><\/div><div class=\"wpforms-layout-row\"><div class=\"wpforms-layout-column wpforms-layout-column-50\"><div id=\"wpforms-863-field_4-container\" class=\"wpforms-field wpforms-field-email\" data-field-id=\"4\"><label class=\"wpforms-field-label wpforms-label-hide\" for=\"wpforms-863-field_4\" aria-hidden=\"false\">EMAIL <span class=\"wpforms-required-label\" aria-hidden=\"true\">*<\/span><\/label><input type=\"email\" id=\"wpforms-863-field_4\" class=\"wpforms-field-medium wpforms-field-required\" name=\"wpforms[fields][4]\" placeholder=\"EMAIL\" spellcheck=\"false\" aria-errormessage=\"wpforms-863-field_4-error\" required><\/div><\/div><div class=\"wpforms-layout-column wpforms-layout-column-50\"><div id=\"wpforms-863-field_5-container\" class=\"wpforms-field wpforms-field-phone\" data-field-id=\"5\"><label class=\"wpforms-field-label wpforms-label-hide\" for=\"wpforms-863-field_5\" aria-hidden=\"false\">PHONE NUMBER<\/label><input type=\"tel\" id=\"wpforms-863-field_5\" class=\"wpforms-field-medium\" data-rule-int-phone-field=\"true\" name=\"wpforms[fields][5]\" placeholder=\"PHONE NUMBER\" aria-label=\"PHONE NUMBER\" aria-errormessage=\"wpforms-863-field_5-error\" ><\/div><\/div><\/div><\/div><\/div>\t\t<div id=\"wpforms-863-field_7-container\"\n\t\t\tclass=\"wpforms-field wpforms-field-text\"\n\t\t\tdata-field-type=\"text\"\n\t\t\tdata-field-id=\"7\"\n\t\t\t>\n\t\t\t<label class=\"wpforms-field-label\" for=\"wpforms-863-field_7\" >Dise\u00f1o Tel\u00e9fono Email<\/label>\n\t\t\t<input type=\"text\" id=\"wpforms-863-field_7\" class=\"wpforms-field-medium\" name=\"wpforms[fields][7]\" >\n\t\t<\/div>\n\t\t<div id=\"wpforms-863-field_6-container\" class=\"wpforms-field wpforms-field-textarea\" data-field-id=\"6\"><label class=\"wpforms-field-label wpforms-label-hide\" for=\"wpforms-863-field_6\" aria-hidden=\"false\">MESSAGE<\/label><textarea id=\"wpforms-863-field_6\" class=\"wpforms-field-medium\" name=\"wpforms[fields][6]\" placeholder=\"MESSAGE\" aria-errormessage=\"wpforms-863-field_6-error\" ><\/textarea><\/div><script>\n\t\t\t\t( function() {\n\t\t\t\t\tconst style = document.createElement( 'style' );\n\t\t\t\t\tstyle.appendChild( document.createTextNode( '#wpforms-863-field_7-container { position: absolute !important; overflow: hidden !important; display: inline !important; height: 1px !important; width: 1px !important; z-index: -1000 !important; padding: 0 !important; } #wpforms-863-field_7-container input { visibility: hidden; } #wpforms-conversational-form-page #wpforms-863-field_7-container label { counter-increment: none; }' ) );\n\t\t\t\t\tdocument.head.appendChild( style );\n\t\t\t\t\tdocument.currentScript?.remove();\n\t\t\t\t} )();\n\t\t\t<\/script><\/div><!-- .wpforms-field-container --><div class=\"wpforms-recaptcha-container wpforms-is-recaptcha wpforms-is-recaptcha-type-v3\" ><input type=\"hidden\" name=\"wpforms[recaptcha]\" value=\"\"><\/div><div class=\"wpforms-submit-container\" ><input type=\"hidden\" name=\"wpforms[id]\" value=\"863\"><input type=\"hidden\" name=\"page_title\" value=\"\"><input type=\"hidden\" name=\"page_url\" value=\"https:\/\/restaurantejibaros.com\/en\/wp-json\/wp\/v2\/pages\/9\"><input type=\"hidden\" name=\"url_referer\" value=\"\"><button type=\"submit\" name=\"wpforms[submit]\" id=\"wpforms-submit-863\" class=\"wpforms-submit\" data-alt-text=\"Enviando...\" data-submit-text=\"Enviar\" aria-live=\"assertive\" value=\"wpforms-submit\">SEND<\/button><img decoding=\"async\" src=\"https:\/\/restaurantejibaros.com\/wp-content\/plugins\/wpforms\/assets\/images\/submit-spin.svg\" class=\"wpforms-submit-spinner\" style=\"display: none;\" width=\"26\" height=\"26\" alt=\"Loading\"><\/div><input type=\"hidden\" name=\"trp-form-language\" value=\"en\"\/><\/form><\/div>  <!-- .wpforms-container -->\t\t\t\t<\/div>\n\t\t\t\t<\/div>\n\t\t<div class=\"elementor-element elementor-element-224c677 e-con-full e-flex e-con e-child\" data-id=\"224c677\" data-element_type=\"container\" data-settings=\"{&quot;jet_parallax_layout_list&quot;:[],&quot;_ha_eqh_enable&quot;:false}\">\n\t\t\t\t<div class=\"elementor-element elementor-element-67699a1 elementor-widget elementor-widget-heading\" data-id=\"67699a1\" data-element_type=\"widget\" data-widget_type=\"heading.default\">\n\t\t\t\t<div class=\"elementor-widget-container\">\n\t\t\t\t\t<h4 class=\"elementor-heading-title elementor-size-default\">FOLLOW US<\/h4>\t\t\t\t<\/div>\n\t\t\t\t<\/div>\n\t\t\t\t<div class=\"elementor-element elementor-element-a14f1fc elementor-shape-circle elementor-grid-0 e-grid-align-center elementor-widget elementor-widget-social-icons\" data-id=\"a14f1fc\" data-element_type=\"widget\" data-widget_type=\"social-icons.default\">\n\t\t\t\t<div class=\"elementor-widget-container\">\n\t\t\t\t\t\t\t<div class=\"elementor-social-icons-wrapper elementor-grid\" role=\"list\">\n\t\t\t\t\t\t\t<span class=\"elementor-grid-item\" role=\"listitem\">\n\t\t\t\t\t<a class=\"elementor-icon elementor-social-icon elementor-social-icon-facebook-f elementor-repeater-item-65fd7c0\" href=\"https:\/\/www.facebook.com\/JibarosBorinquenRest\/\" target=\"_blank\">\n\t\t\t\t\t\t<span class=\"elementor-screen-only\">Facebook-f<\/span>\n\t\t\t\t\t\t<svg aria-hidden=\"true\" class=\"e-font-icon-svg e-fab-facebook-f\" viewbox=\"0 0 320 512\" xmlns=\"http:\/\/www.w3.org\/2000\/svg\"><path d=\"M279.14 288l14.22-92.66h-88.91v-60.13c0-25.35 12.42-50.06 52.24-50.06h40.42V6.26S260.43 0 225.36 0c-73.22 0-121.08 44.38-121.08 124.72v70.62H22.89V288h81.39v224h100.17V288z\"><\/path><\/svg>\t\t\t\t\t<\/a>\n\t\t\t\t<\/span>\n\t\t\t\t\t\t\t<span class=\"elementor-grid-item\" role=\"listitem\">\n\t\t\t\t\t<a class=\"elementor-icon elementor-social-icon elementor-social-icon-instagram elementor-repeater-item-29bf9b1\" href=\"https:\/\/www.instagram.com\/jibarosluquillo\/\" target=\"_blank\">\n\t\t\t\t\t\t<span class=\"elementor-screen-only\">Instagram<\/span>\n\t\t\t\t\t\t<svg aria-hidden=\"true\" class=\"e-font-icon-svg e-fab-instagram\" viewbox=\"0 0 448 512\" xmlns=\"http:\/\/www.w3.org\/2000\/svg\"><path d=\"M224.1 141c-63.6 0-114.9 51.3-114.9 114.9s51.3 114.9 114.9 114.9S339 319.5 339 255.9 287.7 141 224.1 141zm0 189.6c-41.1 0-74.7-33.5-74.7-74.7s33.5-74.7 74.7-74.7 74.7 33.5 74.7 74.7-33.6 74.7-74.7 74.7zm146.4-194.3c0 14.9-12 26.8-26.8 26.8-14.9 0-26.8-12-26.8-26.8s12-26.8 26.8-26.8 26.8 12 26.8 26.8zm76.1 27.2c-1.7-35.9-9.9-67.7-36.2-93.9-26.2-26.2-58-34.4-93.9-36.2-37-2.1-147.9-2.1-184.9 0-35.8 1.7-67.6 9.9-93.9 36.1s-34.4 58-36.2 93.9c-2.1 37-2.1 147.9 0 184.9 1.7 35.9 9.9 67.7 36.2 93.9s58 34.4 93.9 36.2c37 2.1 147.9 2.1 184.9 0 35.9-1.7 67.7-9.9 93.9-36.2 26.2-26.2 34.4-58 36.2-93.9 2.1-37 2.1-147.8 0-184.8zM398.8 388c-7.8 19.6-22.9 34.7-42.6 42.6-29.5 11.7-99.5 9-132.1 9s-102.7 2.6-132.1-9c-19.6-7.8-34.7-22.9-42.6-42.6-11.7-29.5-9-99.5-9-132.1s-2.6-102.7 9-132.1c7.8-19.6 22.9-34.7 42.6-42.6 29.5-11.7 99.5-9 132.1-9s102.7-2.6 132.1 9c19.6 7.8 34.7 22.9 42.6 42.6 11.7 29.5 9 99.5 9 132.1s2.7 102.7-9 132.1z\"><\/path><\/svg>\t\t\t\t\t<\/a>\n\t\t\t\t<\/span>\n\t\t\t\t\t<\/div>\n\t\t\t\t\t\t<\/div>\n\t\t\t\t<\/div>\n\t\t\t\t<\/div>\n\t\t\t\t\t<\/div>\n\t\t\t\t<\/div>\n\t\t<div class=\"elementor-element elementor-element-8e9152e e-flex e-con-boxed e-con e-parent\" data-id=\"8e9152e\" data-element_type=\"container\" data-settings=\"{&quot;background_background&quot;:&quot;classic&quot;,&quot;jet_parallax_layout_list&quot;:[],&quot;_ha_eqh_enable&quot;:false}\">\n\t\t\t\t\t<div class=\"e-con-inner\">\n\t\t\t\t\t<\/div>\n\t\t\t\t<\/div>\n\t\t\t\t<\/div>","protected":false},"excerpt":{"rendered":"<p>El Mejor Kiosko de Luquillo Disfruta a lo j\u00edrabo Kioskos de Luquillo, Local #22 Lunes, Mi\u00e9rcoles, Jueves y Domingo &#8211; 11am &#8211; 9pm Viernes y S\u00e1bados &#8211; 11am &#8211; 10pm Martes &#8211; Cerrado Contacto Por favor, activa JavaScript en tu navegador para completar este formulario.Por favor, activa JavaScript en tu navegador para completar este formulario.Nombre [&hellip;]<\/p>","protected":false},"author":1,"featured_media":0,"parent":0,"menu_order":0,"comment_status":"closed","ping_status":"closed","template":"elementor_header_footer","meta":{"_joinchat":[],"footnotes":""},"class_list":["post-9","page","type-page","status-publish","hentry"],"yoast_head":"<!-- This site is optimized with the Yoast SEO plugin v26.7 - https:\/\/yoast.com\/wordpress\/plugins\/seo\/ -->\n<title>Jibaros Borinquen Restaurant | Disfruta a lo J\u00edbaro<\/title>\n<meta name=\"description\" content=\"Jibaros Borinquen Restaurant, disfruta de la variedad de platos de nuestro men\u00fa, el mejor kiosko de luquillo, Disfruta a lo Jirabo.\" \/>\n<meta name=\"robots\" content=\"index, follow, max-snippet:-1, max-image-preview:large, max-video-preview:-1\" \/>\n<link rel=\"canonical\" href=\"https:\/\/restaurantejibaros.com\/en\/contacto\/\" \/>\n<meta property=\"og:locale\" content=\"en_US\" \/>\n<meta property=\"og:type\" content=\"article\" \/>\n<meta property=\"og:title\" content=\"Jibaros Borinquen Restaurant | Disfruta a lo J\u00edbaro\" \/>\n<meta property=\"og:description\" content=\"Jibaros Borinquen Restaurant, disfruta de la variedad de platos de nuestro men\u00fa, el mejor kiosko de luquillo, Disfruta a lo Jirabo.\" \/>\n<meta property=\"og:url\" content=\"https:\/\/restaurantejibaros.com\/en\/contacto\/\" \/>\n<meta property=\"og:site_name\" content=\"Jibaros Borinquen Restaurant\" \/>\n<meta property=\"article:publisher\" content=\"https:\/\/www.facebook.com\/JibarosBorinquenRest\" \/>\n<meta property=\"article:modified_time\" content=\"2026-03-30T15:10:28+00:00\" \/>\n<meta property=\"og:image\" content=\"https:\/\/restaurantejibaros.com\/wp-content\/uploads\/2024\/10\/kioskos-img.webp\" \/>\n<meta name=\"twitter:card\" content=\"summary_large_image\" \/>\n<meta name=\"twitter:label1\" content=\"Est. reading time\" \/>\n\t<meta name=\"twitter:data1\" content=\"1 minute\" \/>\n<script type=\"application\/ld+json\" class=\"yoast-schema-graph\">{\"@context\":\"https:\/\/schema.org\",\"@graph\":[{\"@type\":\"WebPage\",\"@id\":\"https:\/\/restaurantejibaros.com\/contacto\/\",\"url\":\"https:\/\/restaurantejibaros.com\/contacto\/\",\"name\":\"Jibaros Borinquen Restaurant | Disfruta a lo J\u00edbaro\",\"isPartOf\":{\"@id\":\"https:\/\/mediumseagreen-lion-674399.hostingersite.com\/#website\"},\"primaryImageOfPage\":{\"@id\":\"https:\/\/restaurantejibaros.com\/contacto\/#primaryimage\"},\"image\":{\"@id\":\"https:\/\/restaurantejibaros.com\/contacto\/#primaryimage\"},\"thumbnailUrl\":\"https:\/\/restaurantejibaros.com\/wp-content\/uploads\/2024\/10\/kioskos-img.webp\",\"datePublished\":\"2024-10-01T14:56:22+00:00\",\"dateModified\":\"2026-03-30T15:10:28+00:00\",\"description\":\"Jibaros Borinquen Restaurant, disfruta de la variedad de platos de nuestro men\u00fa, el mejor kiosko de luquillo, Disfruta a lo Jirabo.\",\"breadcrumb\":{\"@id\":\"https:\/\/restaurantejibaros.com\/contacto\/#breadcrumb\"},\"inLanguage\":\"en-US\",\"potentialAction\":[{\"@type\":\"ReadAction\",\"target\":[\"https:\/\/restaurantejibaros.com\/contacto\/\"]}]},{\"@type\":\"ImageObject\",\"inLanguage\":\"en-US\",\"@id\":\"https:\/\/restaurantejibaros.com\/contacto\/#primaryimage\",\"url\":\"https:\/\/restaurantejibaros.com\/wp-content\/uploads\/2024\/10\/kioskos-img.webp\",\"contentUrl\":\"https:\/\/restaurantejibaros.com\/wp-content\/uploads\/2024\/10\/kioskos-img.webp\"},{\"@type\":\"BreadcrumbList\",\"@id\":\"https:\/\/restaurantejibaros.com\/contacto\/#breadcrumb\",\"itemListElement\":[{\"@type\":\"ListItem\",\"position\":1,\"name\":\"Portada\",\"item\":\"https:\/\/restaurantejibaros.com\/\"},{\"@type\":\"ListItem\",\"position\":2,\"name\":\"Contacto\"}]},{\"@type\":\"WebSite\",\"@id\":\"https:\/\/mediumseagreen-lion-674399.hostingersite.com\/#website\",\"url\":\"https:\/\/mediumseagreen-lion-674399.hostingersite.com\/\",\"name\":\"Jibaros Borinquen Restaurant\",\"description\":\"Disfruta a lo J\u00edbaro\",\"publisher\":{\"@id\":\"https:\/\/mediumseagreen-lion-674399.hostingersite.com\/#organization\"},\"alternateName\":\"Jibaros Borinquen Restaurant\",\"potentialAction\":[{\"@type\":\"SearchAction\",\"target\":{\"@type\":\"EntryPoint\",\"urlTemplate\":\"https:\/\/mediumseagreen-lion-674399.hostingersite.com\/?s={search_term_string}\"},\"query-input\":{\"@type\":\"PropertyValueSpecification\",\"valueRequired\":true,\"valueName\":\"search_term_string\"}}],\"inLanguage\":\"en-US\"},{\"@type\":\"Organization\",\"@id\":\"https:\/\/mediumseagreen-lion-674399.hostingersite.com\/#organization\",\"name\":\"Jibaros Borinquen Restaurant\",\"url\":\"https:\/\/mediumseagreen-lion-674399.hostingersite.com\/\",\"logo\":{\"@type\":\"ImageObject\",\"inLanguage\":\"en-US\",\"@id\":\"https:\/\/mediumseagreen-lion-674399.hostingersite.com\/#\/schema\/logo\/image\/\",\"url\":\"https:\/\/wp-content-axesa-pr.s3.amazonaws.com\/wp-content\/uploads\/2024\/10\/01221725\/favicon.png\",\"contentUrl\":\"https:\/\/wp-content-axesa-pr.s3.amazonaws.com\/wp-content\/uploads\/2024\/10\/01221725\/favicon.png\",\"width\":180,\"height\":180,\"caption\":\"Jibaros Borinquen Restaurant\"},\"image\":{\"@id\":\"https:\/\/mediumseagreen-lion-674399.hostingersite.com\/#\/schema\/logo\/image\/\"},\"sameAs\":[\"https:\/\/www.facebook.com\/JibarosBorinquenRest\"]}]}<\/script>\n<!-- \/ Yoast SEO plugin. -->","yoast_head_json":{"title":"Jibaros Borinquen Restaurant | Disfruta a lo J\u00edbaro","description":"Jibaros Borinquen Restaurant, disfruta de la variedad de platos de nuestro men\u00fa, el mejor kiosko de luquillo, Disfruta a lo Jirabo.","robots":{"index":"index","follow":"follow","max-snippet":"max-snippet:-1","max-image-preview":"max-image-preview:large","max-video-preview":"max-video-preview:-1"},"canonical":"https:\/\/restaurantejibaros.com\/en\/contacto\/","og_locale":"en_US","og_type":"article","og_title":"Jibaros Borinquen Restaurant | Disfruta a lo J\u00edbaro","og_description":"Jibaros Borinquen Restaurant, disfruta de la variedad de platos de nuestro men\u00fa, el mejor kiosko de luquillo, Disfruta a lo Jirabo.","og_url":"https:\/\/restaurantejibaros.com\/en\/contacto\/","og_site_name":"Jibaros Borinquen Restaurant","article_publisher":"https:\/\/www.facebook.com\/JibarosBorinquenRest","article_modified_time":"2026-03-30T15:10:28+00:00","og_image":[{"url":"https:\/\/restaurantejibaros.com\/wp-content\/uploads\/2024\/10\/kioskos-img.webp","type":"","width":"","height":""}],"twitter_card":"summary_large_image","twitter_misc":{"Est. reading time":"1 minute"},"schema":{"@context":"https:\/\/schema.org","@graph":[{"@type":"WebPage","@id":"https:\/\/restaurantejibaros.com\/contacto\/","url":"https:\/\/restaurantejibaros.com\/contacto\/","name":"Jibaros Borinquen Restaurant | Disfruta a lo J\u00edbaro","isPartOf":{"@id":"https:\/\/mediumseagreen-lion-674399.hostingersite.com\/#website"},"primaryImageOfPage":{"@id":"https:\/\/restaurantejibaros.com\/contacto\/#primaryimage"},"image":{"@id":"https:\/\/restaurantejibaros.com\/contacto\/#primaryimage"},"thumbnailUrl":"https:\/\/restaurantejibaros.com\/wp-content\/uploads\/2024\/10\/kioskos-img.webp","datePublished":"2024-10-01T14:56:22+00:00","dateModified":"2026-03-30T15:10:28+00:00","description":"Jibaros Borinquen Restaurant, disfruta de la variedad de platos de nuestro men\u00fa, el mejor kiosko de luquillo, Disfruta a lo Jirabo.","breadcrumb":{"@id":"https:\/\/restaurantejibaros.com\/contacto\/#breadcrumb"},"inLanguage":"en-US","potentialAction":[{"@type":"ReadAction","target":["https:\/\/restaurantejibaros.com\/contacto\/"]}]},{"@type":"ImageObject","inLanguage":"en-US","@id":"https:\/\/restaurantejibaros.com\/contacto\/#primaryimage","url":"https:\/\/restaurantejibaros.com\/wp-content\/uploads\/2024\/10\/kioskos-img.webp","contentUrl":"https:\/\/restaurantejibaros.com\/wp-content\/uploads\/2024\/10\/kioskos-img.webp"},{"@type":"BreadcrumbList","@id":"https:\/\/restaurantejibaros.com\/contacto\/#breadcrumb","itemListElement":[{"@type":"ListItem","position":1,"name":"Portada","item":"https:\/\/restaurantejibaros.com\/"},{"@type":"ListItem","position":2,"name":"Contacto"}]},{"@type":"WebSite","@id":"https:\/\/mediumseagreen-lion-674399.hostingersite.com\/#website","url":"https:\/\/mediumseagreen-lion-674399.hostingersite.com\/","name":"Jibaros Borinquen Restaurant","description":"Disfruta a lo J\u00edbaro","publisher":{"@id":"https:\/\/mediumseagreen-lion-674399.hostingersite.com\/#organization"},"alternateName":"Jibaros Borinquen Restaurant","potentialAction":[{"@type":"SearchAction","target":{"@type":"EntryPoint","urlTemplate":"https:\/\/mediumseagreen-lion-674399.hostingersite.com\/?s={search_term_string}"},"query-input":{"@type":"PropertyValueSpecification","valueRequired":true,"valueName":"search_term_string"}}],"inLanguage":"en-US"},{"@type":"Organization","@id":"https:\/\/mediumseagreen-lion-674399.hostingersite.com\/#organization","name":"Jibaros Borinquen Restaurant","url":"https:\/\/mediumseagreen-lion-674399.hostingersite.com\/","logo":{"@type":"ImageObject","inLanguage":"en-US","@id":"https:\/\/mediumseagreen-lion-674399.hostingersite.com\/#\/schema\/logo\/image\/","url":"https:\/\/wp-content-axesa-pr.s3.amazonaws.com\/wp-content\/uploads\/2024\/10\/01221725\/favicon.png","contentUrl":"https:\/\/wp-content-axesa-pr.s3.amazonaws.com\/wp-content\/uploads\/2024\/10\/01221725\/favicon.png","width":180,"height":180,"caption":"Jibaros Borinquen Restaurant"},"image":{"@id":"https:\/\/mediumseagreen-lion-674399.hostingersite.com\/#\/schema\/logo\/image\/"},"sameAs":["https:\/\/www.facebook.com\/JibarosBorinquenRest"]}]}},"_hostinger_reach_plugin_has_subscription_block":false,"_hostinger_reach_plugin_is_elementor":false,"_links":{"self":[{"href":"https:\/\/restaurantejibaros.com\/en\/wp-json\/wp\/v2\/pages\/9","targetHints":{"allow":["GET"]}}],"collection":[{"href":"https:\/\/restaurantejibaros.com\/en\/wp-json\/wp\/v2\/pages"}],"about":[{"href":"https:\/\/restaurantejibaros.com\/en\/wp-json\/wp\/v2\/types\/page"}],"author":[{"embeddable":true,"href":"https:\/\/restaurantejibaros.com\/en\/wp-json\/wp\/v2\/users\/1"}],"replies":[{"embeddable":true,"href":"https:\/\/restaurantejibaros.com\/en\/wp-json\/wp\/v2\/comments?post=9"}],"version-history":[{"count":37,"href":"https:\/\/restaurantejibaros.com\/en\/wp-json\/wp\/v2\/pages\/9\/revisions"}],"predecessor-version":[{"id":1485,"href":"https:\/\/restaurantejibaros.com\/en\/wp-json\/wp\/v2\/pages\/9\/revisions\/1485"}],"wp:attachment":[{"href":"https:\/\/restaurantejibaros.com\/en\/wp-json\/wp\/v2\/media?parent=9"}],"curies":[{"name":"wp","href":"https:\/\/api.w.org\/{rel}","templated":true}]}}